{"id":8,"date":"2015-01-26T11:45:58","date_gmt":"2015-01-26T09:45:58","guid":{"rendered":"http:\/\/www.lasfinfo.lt\/en\/?page_id=8"},"modified":"2022-09-15T14:22:53","modified_gmt":"2022-09-15T12:22:53","slug":"contacts","status":"publish","type":"page","link":"https:\/\/www.lasfinfo.lt\/en\/contacts\/","title":{"rendered":"Contacts"},"content":{"rendered":"<p><strong>LITHUANIA BLIND SPORTS FEDERATION<\/strong><\/p>\n<ul>\n<li>VAT code: 190652284<\/li>\n<li><b>\u017demait\u0117s str. 6 \u2013 519, <\/b><b>03117 Vilnius<\/b><\/li>\n<li>Phone.: +370 67088297<\/li>\n<li>Email: <a href=\"mailto:lasf@lass.lt\">lasf@lass.lt<\/a>; <a href=\"mailto:lbsf@lass.lt\">lbsf@lass.lt<\/a><\/li>\n<li>Web: <a href=\"http:\/\/www.lasfinfo.lt\">www.lasfinfo.lt<\/a><\/li>\n<li><span id=\"result_box\" class=\"short_text\" lang=\"en\"><span class=\"hps\">Checking Account<\/span><\/span>\u00a0LT177044060000303887<\/li>\n<li>Bank code: 70440 AB SEB bank<\/li>\n<\/ul>\n<table style=\"height: 137px;\" width=\"522\">\n<tbody>\n<tr>\n<td>\n<div><strong>Arnoldas Janu\u0161kevi\u010dius<\/strong><br \/>\nPresident<\/div>\n<div>Tel.: +370 670 80735<\/div>\n<\/td>\n<td>\n<div><b>Neringa Para\u0161\u010diuk Bal\u010di\u016bnien\u0117<\/b><br \/>\nSecretary General<\/div>\n<div>Tel.: +370 670 88297<\/div>\n<\/td>\n<\/tr>\n<tr>\n<td>\n<div><strong><b>Rima Astrauskien\u0117<\/b><\/strong><br \/>\n<span id=\"result_box\" class=\"short_text\" lang=\"en\"><span class=\"hps\">Chief accountant<\/span><\/span><br \/>\nTel.: +370 650 64652<\/div>\n<\/td>\n<td>\u00a0Administrator<br \/>\nTel.: +370 677 68773<\/td>\n<\/tr>\n<\/tbody>\n<\/table>\n<p>&nbsp;<\/p>\n","protected":false},"excerpt":{"rendered":"<p>LITHUANIA BLIND SPORTS FEDERATION VAT code: 190652284 \u017demait\u0117s str. 6 \u2013 519, 03117 Vilnius Phone.: +370 67088297 Email: lasf@lass.lt; lbsf@lass.lt Web: www.lasfinfo.lt Checking Account\u00a0LT177044060000303887 Bank code: 70440 AB SEB bank Arnoldas Janu\u0161kevi\u010dius President Tel.: +370 670 80735 Neringa Para\u0161\u010diuk Bal\u010di\u016bnien\u0117 Secretary General Tel.: +370 670 88297 Rima Astrauskien\u0117 Chief accountant Tel.: +370 650 64652 \u00a0Administrator <\/p>\n<div class=\"placiaukategorijos\"><a href=\"https:\/\/www.lasfinfo.lt\/en\/contacts\/\"><img decoding=\"async\" src=\"https:\/\/www.lasfinfo.lt\/en\/wp-content\/themes\/LASFinfo\/img\/icons\/more.png\" alt=\"Read more\" \/><\/a><\/div>","protected":false},"author":1,"featured_media":0,"parent":0,"menu_order":0,"comment_status":"open","ping_status":"open","template":"page_contact.php","meta":{"footnotes":""},"class_list":["post-8","page","type-page","status-publish","hentry"],"acf":[],"aioseo_notices":[],"_links":{"self":[{"href":"https:\/\/www.lasfinfo.lt\/en\/wp-json\/wp\/v2\/pages\/8","targetHints":{"allow":["GET"]}}],"collection":[{"href":"https:\/\/www.lasfinfo.lt\/en\/wp-json\/wp\/v2\/pages"}],"about":[{"href":"https:\/\/www.lasfinfo.lt\/en\/wp-json\/wp\/v2\/types\/page"}],"author":[{"embeddable":true,"href":"https:\/\/www.lasfinfo.lt\/en\/wp-json\/wp\/v2\/users\/1"}],"replies":[{"embeddable":true,"href":"https:\/\/www.lasfinfo.lt\/en\/wp-json\/wp\/v2\/comments?post=8"}],"version-history":[{"count":17,"href":"https:\/\/www.lasfinfo.lt\/en\/wp-json\/wp\/v2\/pages\/8\/revisions"}],"predecessor-version":[{"id":2052,"href":"https:\/\/www.lasfinfo.lt\/en\/wp-json\/wp\/v2\/pages\/8\/revisions\/2052"}],"wp:attachment":[{"href":"https:\/\/www.lasfinfo.lt\/en\/wp-json\/wp\/v2\/media?parent=8"}],"curies":[{"name":"wp","href":"https:\/\/api.w.org\/{rel}","templated":true}]}}